{"id":3023,"date":"2021-11-12T07:52:21","date_gmt":"2021-11-12T07:52:21","guid":{"rendered":"https:\/\/sefos.se\/?page_id=3023"},"modified":"2024-09-13T12:55:15","modified_gmt":"2024-09-13T12:55:15","slug":"automatiserade-utskick","status":"publish","type":"page","link":"https:\/\/sefos.se\/en\/automatiserade-utskick\/","title":{"rendered":"Automated mailings"},"content":{"rendered":"<div data-elementor-type=\"wp-page\" data-elementor-id=\"3023\" class=\"elementor elementor-3023\" data-elementor-post-type=\"page\">\n\t\t\t\t\t\t<section class=\"has_eae_slider elementor-section elementor-top-section elementor-element elementor-element-1283b1c2 elementor-section-height-min-height elementor-section-boxed elementor-section-height-default elementor-section-items-middle\" data-eae-slider=\"89666\" data-id=\"1283b1c2\" data-element_type=\"section\" data-e-type=\"section\" data-settings=\"{&quot;background_background&quot;:&quot;classic&quot;}\">\n\t\t\t\t\t\t\t<div class=\"elementor-background-overlay\"><\/div>\n\t\t\t\t\t\t\t<div class=\"elementor-container elementor-column-gap-default\">\n\t\t\t\t\t<div class=\"has_eae_slider elementor-column elementor-col-100 elementor-top-column elementor-element elementor-element-4f1f0939\" data-eae-slider=\"36269\" data-id=\"4f1f0939\" data-element_type=\"column\" data-e-type=\"column\">\n\t\t\t<div class=\"elementor-widget-wrap elementor-element-populated\">\n\t\t\t\t\t\t<div class=\"elementor-element elementor-element-6b7ad504 animated-slow elementor-invisible elementor-widget elementor-widget-heading\" data-id=\"6b7ad504\" data-element_type=\"widget\" data-e-type=\"widget\" data-settings=\"{&quot;_animation&quot;:&quot;slideInDown&quot;}\" data-widget_type=\"heading.default\">\n\t\t\t\t<div class=\"elementor-widget-container\">\n\t\t\t\t\t<h1 class=\"elementor-heading-title elementor-size-default\">Automated Mailings<\/h1>\t\t\t\t<\/div>\n\t\t\t\t<\/div>\n\t\t\t\t<section class=\"has_eae_slider elementor-section elementor-inner-section elementor-element elementor-element-5d0ea647 elementor-section-boxed elementor-section-height-default elementor-section-height-default\" data-eae-slider=\"59579\" data-id=\"5d0ea647\" data-element_type=\"section\" data-e-type=\"section\">\n\t\t\t\t\t\t<div class=\"elementor-container elementor-column-gap-default\">\n\t\t\t\t\t<div class=\"has_eae_slider elementor-column elementor-col-100 elementor-inner-column elementor-element elementor-element-1f341a1e\" data-eae-slider=\"55162\" data-id=\"1f341a1e\" data-element_type=\"column\" data-e-type=\"column\">\n\t\t\t<div class=\"elementor-widget-wrap elementor-element-populated\">\n\t\t\t\t\t\t<div class=\"elementor-element elementor-element-5074a7f7 animated-slow elementor-invisible elementor-widget elementor-widget-heading\" data-id=\"5074a7f7\" data-element_type=\"widget\" data-e-type=\"widget\" data-settings=\"{&quot;_animation&quot;:&quot;slideInDown&quot;}\" data-widget_type=\"heading.default\">\n\t\t\t\t<div class=\"elementor-widget-container\">\n\t\t\t\t\t<h1 class=\"elementor-heading-title elementor-size-default\">Creates the opportunity to programmatically create a dialogue with recipients identified with strong authentication such as SITHS and Swedish e-identification, by using SEFOS APIs.<\/h1>\t\t\t\t<\/div>\n\t\t\t\t<\/div>\n\t\t\t\t\t<\/div>\n\t\t<\/div>\n\t\t\t\t\t<\/div>\n\t\t<\/section>\n\t\t\t\t\t<\/div>\n\t\t<\/div>\n\t\t\t\t\t<\/div>\n\t\t<\/section>\n\t\t\t\t<section class=\"has_eae_slider elementor-section elementor-top-section elementor-element elementor-element-204cb1dc elementor-section-boxed elementor-section-height-default elementor-section-height-default\" data-eae-slider=\"23465\" data-id=\"204cb1dc\" data-element_type=\"section\" data-e-type=\"section\" data-settings=\"{&quot;background_background&quot;:&quot;classic&quot;}\">\n\t\t\t\t\t\t<div class=\"elementor-container elementor-column-gap-default\">\n\t\t\t\t\t<div class=\"has_eae_slider elementor-column elementor-col-50 elementor-top-column elementor-element elementor-element-29a52672\" data-eae-slider=\"39512\" data-id=\"29a52672\" data-element_type=\"column\" data-e-type=\"column\">\n\t\t\t<div class=\"elementor-widget-wrap elementor-element-populated\">\n\t\t\t\t\t\t<div class=\"elementor-element elementor-element-9da1045 elementor-widget elementor-widget-image\" data-id=\"9da1045\" data-element_type=\"widget\" data-e-type=\"widget\" data-widget_type=\"image.default\">\n\t\t\t\t<div class=\"elementor-widget-container\">\n\t\t\t\t\t\t\t\t\t\t\t\t\t\t\t<img fetchpriority=\"high\" decoding=\"async\" width=\"1440\" height=\"960\" src=\"https:\/\/sefos.se\/wp-content\/uploads\/rest-api-img.jpg\" class=\"attachment-full size-full wp-image-3030\" alt=\"\" srcset=\"https:\/\/sefos.se\/wp-content\/uploads\/rest-api-img.jpg 1440w, https:\/\/sefos.se\/wp-content\/uploads\/rest-api-img-300x200.jpg 300w, https:\/\/sefos.se\/wp-content\/uploads\/rest-api-img-1024x683.jpg 1024w, https:\/\/sefos.se\/wp-content\/uploads\/rest-api-img-768x512.jpg 768w, https:\/\/sefos.se\/wp-content\/uploads\/rest-api-img-18x12.jpg 18w\" sizes=\"(max-width: 1440px) 100vw, 1440px\" \/>\t\t\t\t\t\t\t\t\t\t\t\t\t\t\t<\/div>\n\t\t\t\t<\/div>\n\t\t\t\t\t<\/div>\n\t\t<\/div>\n\t\t\t\t<div class=\"has_eae_slider elementor-column elementor-col-50 elementor-top-column elementor-element elementor-element-7f74de8b\" data-eae-slider=\"85550\" data-id=\"7f74de8b\" data-element_type=\"column\" data-e-type=\"column\">\n\t\t\t<div class=\"elementor-widget-wrap elementor-element-populated\">\n\t\t\t\t\t\t<div class=\"elementor-element elementor-element-6e90ef63 elementor-widget elementor-widget-spacer\" data-id=\"6e90ef63\" data-element_type=\"widget\" data-e-type=\"widget\" data-widget_type=\"spacer.default\">\n\t\t\t\t<div class=\"elementor-widget-container\">\n\t\t\t\t\t\t\t<div class=\"elementor-spacer\">\n\t\t\t<div class=\"elementor-spacer-inner\"><\/div>\n\t\t<\/div>\n\t\t\t\t\t\t<\/div>\n\t\t\t\t<\/div>\n\t\t\t\t<div class=\"elementor-element elementor-element-757d8485 animated-slow elementor-invisible elementor-widget elementor-widget-heading\" data-id=\"757d8485\" data-element_type=\"widget\" data-e-type=\"widget\" data-settings=\"{&quot;_animation&quot;:&quot;fadeInDown&quot;}\" data-widget_type=\"heading.default\">\n\t\t\t\t<div class=\"elementor-widget-container\">\n\t\t\t\t\t<h2 class=\"elementor-heading-title elementor-size-default\">SEFOS rest API<\/h2>\t\t\t\t<\/div>\n\t\t\t\t<\/div>\n\t\t\t\t<div class=\"elementor-element elementor-element-10f5b173 elementor-invisible elementor-widget elementor-widget-text-editor\" data-id=\"10f5b173\" data-element_type=\"widget\" data-e-type=\"widget\" data-settings=\"{&quot;_animation&quot;:&quot;fadeInDown&quot;}\" data-widget_type=\"text-editor.default\">\n\t\t\t\t<div class=\"elementor-widget-container\">\n\t\t\t\t\t\t\t\t\t<p>SEFOS offers a rest API that gives other systems the ability to send automated messages via SEFOS using a shared mailbox. This means that you can connect your system or website to SEFOS and then automate the sending of messages.<\/p>\t\t\t\t\t\t\t\t<\/div>\n\t\t\t\t<\/div>\n\t\t\t\t\t<\/div>\n\t\t<\/div>\n\t\t\t\t\t<\/div>\n\t\t<\/section>\n\t\t\t\t<section class=\"has_eae_slider elementor-section elementor-top-section elementor-element elementor-element-1ba27ebb elementor-reverse-mobile elementor-section-boxed elementor-section-height-default elementor-section-height-default\" data-eae-slider=\"8984\" data-id=\"1ba27ebb\" data-element_type=\"section\" data-e-type=\"section\" data-settings=\"{&quot;background_background&quot;:&quot;classic&quot;}\">\n\t\t\t\t\t\t<div class=\"elementor-container elementor-column-gap-default\">\n\t\t\t\t\t<div class=\"has_eae_slider elementor-column elementor-col-50 elementor-top-column elementor-element elementor-element-7626f5f0\" data-eae-slider=\"57690\" data-id=\"7626f5f0\" data-element_type=\"column\" data-e-type=\"column\">\n\t\t\t<div class=\"elementor-widget-wrap elementor-element-populated\">\n\t\t\t\t\t\t<div class=\"elementor-element elementor-element-4fe5b7ab animated-slow elementor-invisible elementor-widget elementor-widget-heading\" data-id=\"4fe5b7ab\" data-element_type=\"widget\" data-e-type=\"widget\" data-settings=\"{&quot;_animation&quot;:&quot;fadeInDown&quot;}\" data-widget_type=\"heading.default\">\n\t\t\t\t<div class=\"elementor-widget-container\">\n\t\t\t\t\t<h2 class=\"elementor-heading-title elementor-size-default\">Automated mailings are made through a shared mailbox<\/h2>\t\t\t\t<\/div>\n\t\t\t\t<\/div>\n\t\t\t\t<div class=\"elementor-element elementor-element-7e0e94c8 elementor-invisible elementor-widget elementor-widget-text-editor\" data-id=\"7e0e94c8\" data-element_type=\"widget\" data-e-type=\"widget\" data-settings=\"{&quot;_animation&quot;:&quot;fadeInDown&quot;}\" data-widget_type=\"text-editor.default\">\n\t\t\t\t<div class=\"elementor-widget-container\">\n\t\t\t\t\t\t\t\t\t<p>An automated message is sent out through a shared mailbox in SEFOS. When the recipient then responds to this message, it automatically returns to the shared mailbox, where several employees then have authority to handle incoming messages. Since it is possible to choose whether a recipient should be able to respond to a message or not, SEFOS supports both collecting information and sending out information.<\/p>\t\t\t\t\t\t\t\t<\/div>\n\t\t\t\t<\/div>\n\t\t\t\t<div class=\"elementor-element elementor-element-356cbfcf elementor-widget elementor-widget-spacer\" data-id=\"356cbfcf\" data-element_type=\"widget\" data-e-type=\"widget\" data-widget_type=\"spacer.default\">\n\t\t\t\t<div class=\"elementor-widget-container\">\n\t\t\t\t\t\t\t<div class=\"elementor-spacer\">\n\t\t\t<div class=\"elementor-spacer-inner\"><\/div>\n\t\t<\/div>\n\t\t\t\t\t\t<\/div>\n\t\t\t\t<\/div>\n\t\t\t\t\t<\/div>\n\t\t<\/div>\n\t\t\t\t<div class=\"has_eae_slider elementor-column elementor-col-50 elementor-top-column elementor-element elementor-element-47403193\" data-eae-slider=\"79458\" data-id=\"47403193\" data-element_type=\"column\" data-e-type=\"column\">\n\t\t\t<div class=\"elementor-widget-wrap elementor-element-populated\">\n\t\t\t\t\t\t<div class=\"elementor-element elementor-element-7fb293f2 elementor-widget elementor-widget-image\" data-id=\"7fb293f2\" data-element_type=\"widget\" data-e-type=\"widget\" data-widget_type=\"image.default\">\n\t\t\t\t<div class=\"elementor-widget-container\">\n\t\t\t\t\t\t\t\t\t\t\t\t\t\t\t<img decoding=\"async\" width=\"800\" height=\"268\" src=\"https:\/\/sefos.se\/wp-content\/uploads\/AU-fig-1.png\" class=\"attachment-large size-large wp-image-3056\" alt=\"\" srcset=\"https:\/\/sefos.se\/wp-content\/uploads\/AU-fig-1.png 831w, https:\/\/sefos.se\/wp-content\/uploads\/AU-fig-1-300x100.png 300w, https:\/\/sefos.se\/wp-content\/uploads\/AU-fig-1-768x257.png 768w, https:\/\/sefos.se\/wp-content\/uploads\/AU-fig-1-18x6.png 18w\" sizes=\"(max-width: 800px) 100vw, 800px\" \/>\t\t\t\t\t\t\t\t\t\t\t\t\t\t\t<\/div>\n\t\t\t\t<\/div>\n\t\t\t\t\t<\/div>\n\t\t<\/div>\n\t\t\t\t\t<\/div>\n\t\t<\/section>\n\t\t\t\t<section class=\"has_eae_slider elementor-section elementor-top-section elementor-element elementor-element-42d48b2a elementor-section-boxed elementor-section-height-default elementor-section-height-default\" data-eae-slider=\"6194\" data-id=\"42d48b2a\" data-element_type=\"section\" data-e-type=\"section\" data-settings=\"{&quot;background_background&quot;:&quot;classic&quot;,&quot;shape_divider_top&quot;:&quot;curve&quot;}\">\n\t\t\t\t\t<div class=\"elementor-shape elementor-shape-top\" aria-hidden=\"true\" data-negative=\"false\">\n\t\t\t<svg xmlns=\"http:\/\/www.w3.org\/2000\/svg\" viewbox=\"0 0 1000 100\" preserveaspectratio=\"none\">\n    <path class=\"elementor-shape-fill\" d=\"M1000,4.3V0H0v4.3C0.9,23.1,126.7,99.2,500,100S1000,22.7,1000,4.3z\"\/>\n<\/svg>\t\t<\/div>\n\t\t\t\t\t<div class=\"elementor-container elementor-column-gap-default\">\n\t\t\t\t\t<div class=\"has_eae_slider elementor-column elementor-col-50 elementor-top-column elementor-element elementor-element-53210e83\" data-eae-slider=\"15605\" data-id=\"53210e83\" data-element_type=\"column\" data-e-type=\"column\">\n\t\t\t<div class=\"elementor-widget-wrap elementor-element-populated\">\n\t\t\t\t\t\t<div class=\"elementor-element elementor-element-1686f1a5 elementor-widget elementor-widget-image\" data-id=\"1686f1a5\" data-element_type=\"widget\" data-e-type=\"widget\" data-widget_type=\"image.default\">\n\t\t\t\t<div class=\"elementor-widget-container\">\n\t\t\t\t\t\t\t\t\t\t\t\t\t\t\t<img decoding=\"async\" width=\"1766\" height=\"1179\" src=\"https:\/\/sefos.se\/wp-content\/uploads\/smiling-young-coworkers-using-a-laptop-together-in-2021-08-27-09-53-52-utc.jpg\" class=\"attachment-full size-full wp-image-3173\" alt=\"\" srcset=\"https:\/\/sefos.se\/wp-content\/uploads\/smiling-young-coworkers-using-a-laptop-together-in-2021-08-27-09-53-52-utc.jpg 1766w, https:\/\/sefos.se\/wp-content\/uploads\/smiling-young-coworkers-using-a-laptop-together-in-2021-08-27-09-53-52-utc-300x200.jpg 300w, https:\/\/sefos.se\/wp-content\/uploads\/smiling-young-coworkers-using-a-laptop-together-in-2021-08-27-09-53-52-utc-1024x684.jpg 1024w, https:\/\/sefos.se\/wp-content\/uploads\/smiling-young-coworkers-using-a-laptop-together-in-2021-08-27-09-53-52-utc-768x513.jpg 768w, https:\/\/sefos.se\/wp-content\/uploads\/smiling-young-coworkers-using-a-laptop-together-in-2021-08-27-09-53-52-utc-1536x1025.jpg 1536w, https:\/\/sefos.se\/wp-content\/uploads\/smiling-young-coworkers-using-a-laptop-together-in-2021-08-27-09-53-52-utc-18x12.jpg 18w\" sizes=\"(max-width: 1766px) 100vw, 1766px\" \/>\t\t\t\t\t\t\t\t\t\t\t\t\t\t\t<\/div>\n\t\t\t\t<\/div>\n\t\t\t\t\t<\/div>\n\t\t<\/div>\n\t\t\t\t<div class=\"has_eae_slider elementor-column elementor-col-50 elementor-top-column elementor-element elementor-element-40affe24\" data-eae-slider=\"83895\" data-id=\"40affe24\" data-element_type=\"column\" data-e-type=\"column\">\n\t\t\t<div class=\"elementor-widget-wrap elementor-element-populated\">\n\t\t\t\t\t\t<div class=\"elementor-element elementor-element-6432cb33 animated-slow elementor-invisible elementor-widget elementor-widget-heading\" data-id=\"6432cb33\" data-element_type=\"widget\" data-e-type=\"widget\" data-settings=\"{&quot;_animation&quot;:&quot;fadeInDown&quot;}\" data-widget_type=\"heading.default\">\n\t\t\t\t<div class=\"elementor-widget-container\">\n\t\t\t\t\t<h2 class=\"elementor-heading-title elementor-size-default\">Functions <\/h2>\t\t\t\t<\/div>\n\t\t\t\t<\/div>\n\t\t\t\t<div class=\"elementor-element elementor-element-11f5da05 elementor-invisible elementor-widget elementor-widget-text-editor\" data-id=\"11f5da05\" data-element_type=\"widget\" data-e-type=\"widget\" data-settings=\"{&quot;_animation&quot;:&quot;fadeInDown&quot;}\" data-widget_type=\"text-editor.default\">\n\t\t\t\t<div class=\"elementor-widget-container\">\n\t\t\t\t\t\t\t\t\t<p>All functions that a shared mailbox in SEFOS offers are of course also available for messages created through automated mailings:<\/p>\t\t\t\t\t\t\t\t<\/div>\n\t\t\t\t<\/div>\n\t\t\t\t<div class=\"elementor-element elementor-element-ca5c35a elementor-invisible elementor-widget elementor-widget-text-editor\" data-id=\"ca5c35a\" data-element_type=\"widget\" data-e-type=\"widget\" data-settings=\"{&quot;_animation&quot;:&quot;fadeInDown&quot;}\" data-widget_type=\"text-editor.default\">\n\t\t\t\t<div class=\"elementor-widget-container\">\n\t\t\t\t\t\t\t\t\t<ul><li>Reading receipt<\/li><\/ul>\t\t\t\t\t\t\t\t<\/div>\n\t\t\t\t<\/div>\n\t\t\t\t<div class=\"elementor-element elementor-element-83a5208 elementor-invisible elementor-widget elementor-widget-text-editor\" data-id=\"83a5208\" data-element_type=\"widget\" data-e-type=\"widget\" data-settings=\"{&quot;_animation&quot;:&quot;fadeInDown&quot;}\" data-widget_type=\"text-editor.default\">\n\t\t\t\t<div class=\"elementor-widget-container\">\n\t\t\t\t\t\t\t\t\t<ul><li>Issue Management<\/li><\/ul>\t\t\t\t\t\t\t\t<\/div>\n\t\t\t\t<\/div>\n\t\t\t\t<div class=\"elementor-element elementor-element-ca74446 elementor-invisible elementor-widget elementor-widget-text-editor\" data-id=\"ca74446\" data-element_type=\"widget\" data-e-type=\"widget\" data-settings=\"{&quot;_animation&quot;:&quot;fadeInDown&quot;}\" data-widget_type=\"text-editor.default\">\n\t\t\t\t<div class=\"elementor-widget-container\">\n\t\t\t\t\t\t\t\t\t<ul><li>Event log<\/li><\/ul>\t\t\t\t\t\t\t\t<\/div>\n\t\t\t\t<\/div>\n\t\t\t\t<div class=\"elementor-element elementor-element-c975413 elementor-invisible elementor-widget elementor-widget-text-editor\" data-id=\"c975413\" data-element_type=\"widget\" data-e-type=\"widget\" data-settings=\"{&quot;_animation&quot;:&quot;fadeInDown&quot;}\" data-widget_type=\"text-editor.default\">\n\t\t\t\t<div class=\"elementor-widget-container\">\n\t\t\t\t\t\t\t\t\t<ul><li>Only receives responds from sent messages or messages from other registered users<\/li><\/ul>\t\t\t\t\t\t\t\t<\/div>\n\t\t\t\t<\/div>\n\t\t\t\t<div class=\"elementor-element elementor-element-45f39f2 elementor-invisible elementor-widget elementor-widget-text-editor\" data-id=\"45f39f2\" data-element_type=\"widget\" data-e-type=\"widget\" data-settings=\"{&quot;_animation&quot;:&quot;fadeInDown&quot;}\" data-widget_type=\"text-editor.default\">\n\t\t\t\t<div class=\"elementor-widget-container\">\n\t\t\t\t\t\t\t\t\t<ul><li>Opportunity to send confidential information and sensitive personal information<\/li><\/ul>\t\t\t\t\t\t\t\t<\/div>\n\t\t\t\t<\/div>\n\t\t\t\t\t<\/div>\n\t\t<\/div>\n\t\t\t\t\t<\/div>\n\t\t<\/section>\n\t\t\t\t<\/div>","protected":false},"excerpt":{"rendered":"<p>Automatiserade Utskick Skapar m\u00f6jligheten att programmatiskt skapa en dialog med mottagare identifierade med stark autentisering som t.ex SITHS och Svensk e-legitimation, genom att anv\u00e4nda SEFOS APIer. SEFOS rest API SEFOS erbjuder ett rest API som ger andra system m\u00f6jligheten att skicka iv\u00e4g automatiserade meddelanden via SEFOS med hj\u00e4lp av en funktionsbrevl\u00e5da. Detta inneb\u00e4r att man [&hellip;]<\/p>\n","protected":false},"author":5,"featured_media":0,"parent":0,"menu_order":0,"comment_status":"closed","ping_status":"closed","template":"elementor_header_footer","meta":{"_monsterinsights_skip_tracking":false,"_monsterinsights_sitenote_active":false,"_monsterinsights_sitenote_note":"","_monsterinsights_sitenote_category":0,"footnotes":""},"class_list":["post-3023","page","type-page","status-publish","hentry"],"yoast_head":"<!-- This site is optimized with the Yoast SEO plugin v27.6 - https:\/\/yoast.com\/product\/yoast-seo-wordpress\/ -->\n<title>Automatiserade utskick - SEFOS<\/title>\n<meta name=\"description\" content=\"Skapa en automatiserad dialog med mottagare identifierade med t.ex SITHS och Svensk e-legitimation, genom att anv\u00e4nda SEFOS APIer.\" \/>\n<meta name=\"robots\" content=\"index, follow, max-snippet:-1, max-image-preview:large, max-video-preview:-1\" \/>\n<link rel=\"canonical\" href=\"https:\/\/sefos.se\/en\/automatiserade-utskick\/\" \/>\n<meta property=\"og:locale\" content=\"en_GB\" \/>\n<meta property=\"og:type\" content=\"article\" \/>\n<meta property=\"og:title\" content=\"Automatiserade utskick - SEFOS\" \/>\n<meta property=\"og:description\" content=\"Skapa en automatiserad dialog med mottagare identifierade med t.ex SITHS och Svensk e-legitimation, genom att anv\u00e4nda SEFOS APIer.\" \/>\n<meta property=\"og:url\" content=\"https:\/\/sefos.se\/en\/automatiserade-utskick\/\" \/>\n<meta property=\"og:site_name\" content=\"SEFOS\" \/>\n<meta property=\"article:modified_time\" content=\"2024-09-13T12:55:15+00:00\" \/>\n<meta property=\"og:image\" content=\"https:\/\/sefos.se\/wp-content\/uploads\/rest-api-img.jpg\" \/>\n<meta name=\"twitter:card\" content=\"summary_large_image\" \/>\n<meta name=\"twitter:label1\" content=\"Estimated reading time\" \/>\n\t<meta name=\"twitter:data1\" content=\"2 minutes\" \/>\n<script type=\"application\/ld+json\" class=\"yoast-schema-graph\">{\"@context\":\"https:\\\/\\\/schema.org\",\"@graph\":[{\"@type\":\"WebPage\",\"@id\":\"https:\\\/\\\/sefos.se\\\/automatiserade-utskick\\\/\",\"url\":\"https:\\\/\\\/sefos.se\\\/automatiserade-utskick\\\/\",\"name\":\"Automatiserade utskick - SEFOS\",\"isPartOf\":{\"@id\":\"https:\\\/\\\/sefos.se\\\/#website\"},\"primaryImageOfPage\":{\"@id\":\"https:\\\/\\\/sefos.se\\\/automatiserade-utskick\\\/#primaryimage\"},\"image\":{\"@id\":\"https:\\\/\\\/sefos.se\\\/automatiserade-utskick\\\/#primaryimage\"},\"thumbnailUrl\":\"https:\\\/\\\/sefos.se\\\/wp-content\\\/uploads\\\/rest-api-img.jpg\",\"datePublished\":\"2021-11-12T07:52:21+00:00\",\"dateModified\":\"2024-09-13T12:55:15+00:00\",\"description\":\"Skapa en automatiserad dialog med mottagare identifierade med t.ex SITHS och Svensk e-legitimation, genom att anv\u00e4nda SEFOS APIer.\",\"breadcrumb\":{\"@id\":\"https:\\\/\\\/sefos.se\\\/automatiserade-utskick\\\/#breadcrumb\"},\"inLanguage\":\"en-GB\",\"potentialAction\":[{\"@type\":\"ReadAction\",\"target\":[\"https:\\\/\\\/sefos.se\\\/automatiserade-utskick\\\/\"]}]},{\"@type\":\"ImageObject\",\"inLanguage\":\"en-GB\",\"@id\":\"https:\\\/\\\/sefos.se\\\/automatiserade-utskick\\\/#primaryimage\",\"url\":\"https:\\\/\\\/sefos.se\\\/wp-content\\\/uploads\\\/rest-api-img.jpg\",\"contentUrl\":\"https:\\\/\\\/sefos.se\\\/wp-content\\\/uploads\\\/rest-api-img.jpg\"},{\"@type\":\"BreadcrumbList\",\"@id\":\"https:\\\/\\\/sefos.se\\\/automatiserade-utskick\\\/#breadcrumb\",\"itemListElement\":[{\"@type\":\"ListItem\",\"position\":1,\"name\":\"Hem\",\"item\":\"https:\\\/\\\/sefos.se\\\/\"},{\"@type\":\"ListItem\",\"position\":2,\"name\":\"Automatiserade utskick\"}]},{\"@type\":\"WebSite\",\"@id\":\"https:\\\/\\\/sefos.se\\\/#website\",\"url\":\"https:\\\/\\\/sefos.se\\\/\",\"name\":\"SEFOS\",\"description\":\"\",\"potentialAction\":[{\"@type\":\"SearchAction\",\"target\":{\"@type\":\"EntryPoint\",\"urlTemplate\":\"https:\\\/\\\/sefos.se\\\/?s={search_term_string}\"},\"query-input\":{\"@type\":\"PropertyValueSpecification\",\"valueRequired\":true,\"valueName\":\"search_term_string\"}}],\"inLanguage\":\"en-GB\"}]}<\/script>\n<!-- \/ Yoast SEO plugin. -->","yoast_head_json":{"title":"Automatiserade utskick - SEFOS","description":"Skapa en automatiserad dialog med mottagare identifierade med t.ex SITHS och Svensk e-legitimation, genom att anv\u00e4nda SEFOS APIer.","robots":{"index":"index","follow":"follow","max-snippet":"max-snippet:-1","max-image-preview":"max-image-preview:large","max-video-preview":"max-video-preview:-1"},"canonical":"https:\/\/sefos.se\/en\/automatiserade-utskick\/","og_locale":"en_GB","og_type":"article","og_title":"Automatiserade utskick - SEFOS","og_description":"Skapa en automatiserad dialog med mottagare identifierade med t.ex SITHS och Svensk e-legitimation, genom att anv\u00e4nda SEFOS APIer.","og_url":"https:\/\/sefos.se\/en\/automatiserade-utskick\/","og_site_name":"SEFOS","article_modified_time":"2024-09-13T12:55:15+00:00","og_image":[{"url":"https:\/\/sefos.se\/wp-content\/uploads\/rest-api-img.jpg","type":"","width":"","height":""}],"twitter_card":"summary_large_image","twitter_misc":{"Estimated reading time":"2 minutes"},"schema":{"@context":"https:\/\/schema.org","@graph":[{"@type":"WebPage","@id":"https:\/\/sefos.se\/automatiserade-utskick\/","url":"https:\/\/sefos.se\/automatiserade-utskick\/","name":"Automatiserade utskick - SEFOS","isPartOf":{"@id":"https:\/\/sefos.se\/#website"},"primaryImageOfPage":{"@id":"https:\/\/sefos.se\/automatiserade-utskick\/#primaryimage"},"image":{"@id":"https:\/\/sefos.se\/automatiserade-utskick\/#primaryimage"},"thumbnailUrl":"https:\/\/sefos.se\/wp-content\/uploads\/rest-api-img.jpg","datePublished":"2021-11-12T07:52:21+00:00","dateModified":"2024-09-13T12:55:15+00:00","description":"Skapa en automatiserad dialog med mottagare identifierade med t.ex SITHS och Svensk e-legitimation, genom att anv\u00e4nda SEFOS APIer.","breadcrumb":{"@id":"https:\/\/sefos.se\/automatiserade-utskick\/#breadcrumb"},"inLanguage":"en-GB","potentialAction":[{"@type":"ReadAction","target":["https:\/\/sefos.se\/automatiserade-utskick\/"]}]},{"@type":"ImageObject","inLanguage":"en-GB","@id":"https:\/\/sefos.se\/automatiserade-utskick\/#primaryimage","url":"https:\/\/sefos.se\/wp-content\/uploads\/rest-api-img.jpg","contentUrl":"https:\/\/sefos.se\/wp-content\/uploads\/rest-api-img.jpg"},{"@type":"BreadcrumbList","@id":"https:\/\/sefos.se\/automatiserade-utskick\/#breadcrumb","itemListElement":[{"@type":"ListItem","position":1,"name":"Hem","item":"https:\/\/sefos.se\/"},{"@type":"ListItem","position":2,"name":"Automatiserade utskick"}]},{"@type":"WebSite","@id":"https:\/\/sefos.se\/#website","url":"https:\/\/sefos.se\/","name":"SEFOS","description":"","potentialAction":[{"@type":"SearchAction","target":{"@type":"EntryPoint","urlTemplate":"https:\/\/sefos.se\/?s={search_term_string}"},"query-input":{"@type":"PropertyValueSpecification","valueRequired":true,"valueName":"search_term_string"}}],"inLanguage":"en-GB"}]}},"_links":{"self":[{"href":"https:\/\/sefos.se\/en\/wp-json\/wp\/v2\/pages\/3023","targetHints":{"allow":["GET"]}}],"collection":[{"href":"https:\/\/sefos.se\/en\/wp-json\/wp\/v2\/pages"}],"about":[{"href":"https:\/\/sefos.se\/en\/wp-json\/wp\/v2\/types\/page"}],"author":[{"embeddable":true,"href":"https:\/\/sefos.se\/en\/wp-json\/wp\/v2\/users\/5"}],"replies":[{"embeddable":true,"href":"https:\/\/sefos.se\/en\/wp-json\/wp\/v2\/comments?post=3023"}],"version-history":[{"count":48,"href":"https:\/\/sefos.se\/en\/wp-json\/wp\/v2\/pages\/3023\/revisions"}],"predecessor-version":[{"id":4672,"href":"https:\/\/sefos.se\/en\/wp-json\/wp\/v2\/pages\/3023\/revisions\/4672"}],"wp:attachment":[{"href":"https:\/\/sefos.se\/en\/wp-json\/wp\/v2\/media?parent=3023"}],"curies":[{"name":"wp","href":"https:\/\/api.w.org\/{rel}","templated":true}]}}