{"id":2891,"date":"2021-10-07T15:39:53","date_gmt":"2021-10-07T15:39:53","guid":{"rendered":"https:\/\/sefos.se\/?page_id=2891"},"modified":"2024-09-13T12:51:26","modified_gmt":"2024-09-13T12:51:26","slug":"funktionsbrevlador","status":"publish","type":"page","link":"https:\/\/sefos.se\/en\/funktionsbrevlador\/","title":{"rendered":"SEFOS Functional Mailbox"},"content":{"rendered":"\t\t<div data-elementor-type=\"wp-page\" data-elementor-id=\"2891\" class=\"elementor elementor-2891\" data-elementor-post-type=\"page\">\n\t\t\t\t\t\t<section class=\"has_eae_slider elementor-section elementor-top-section elementor-element elementor-element-4d3853a0 elementor-section-boxed elementor-section-height-default elementor-section-height-default\" data-eae-slider=\"64929\" data-id=\"4d3853a0\" data-element_type=\"section\" data-e-type=\"section\" data-settings=\"{&quot;background_background&quot;:&quot;classic&quot;}\">\n\t\t\t\t\t\t\t<div class=\"elementor-background-overlay\"><\/div>\n\t\t\t\t\t\t\t<div class=\"elementor-container elementor-column-gap-default\">\n\t\t\t\t\t<div class=\"has_eae_slider elementor-column elementor-col-100 elementor-top-column elementor-element elementor-element-13e77c3a\" data-eae-slider=\"49663\" data-id=\"13e77c3a\" data-element_type=\"column\" data-e-type=\"column\">\n\t\t\t<div class=\"elementor-widget-wrap elementor-element-populated\">\n\t\t\t\t\t\t<div class=\"elementor-element elementor-element-c8360ce animated-slow elementor-invisible elementor-widget elementor-widget-heading\" data-id=\"c8360ce\" data-element_type=\"widget\" data-e-type=\"widget\" data-settings=\"{&quot;_animation&quot;:&quot;slideInUp&quot;}\" data-widget_type=\"heading.default\">\n\t\t\t\t<div class=\"elementor-widget-container\">\n\t\t\t\t\t<h1 class=\"elementor-heading-title elementor-size-default\">Funktionsbrevl\u00e5dor<\/h1>\t\t\t\t<\/div>\n\t\t\t\t<\/div>\n\t\t\t\t<section class=\"has_eae_slider elementor-section elementor-inner-section elementor-element elementor-element-229dadb elementor-section-boxed elementor-section-height-default elementor-section-height-default\" data-eae-slider=\"60979\" data-id=\"229dadb\" data-element_type=\"section\" data-e-type=\"section\">\n\t\t\t\t\t\t<div class=\"elementor-container elementor-column-gap-default\">\n\t\t\t\t\t<div class=\"has_eae_slider elementor-column elementor-col-100 elementor-inner-column elementor-element elementor-element-804590a\" data-eae-slider=\"77926\" data-id=\"804590a\" data-element_type=\"column\" data-e-type=\"column\">\n\t\t\t<div class=\"elementor-widget-wrap elementor-element-populated\">\n\t\t\t\t\t\t<div class=\"elementor-element elementor-element-ab36ce elementor-absolute elementor-widget elementor-widget-image\" data-id=\"ab36ce\" data-element_type=\"widget\" data-e-type=\"widget\" data-settings=\"{&quot;_position&quot;:&quot;absolute&quot;}\" data-widget_type=\"image.default\">\n\t\t\t\t<div class=\"elementor-widget-container\">\n\t\t\t\t\t\t\t\t\t\t\t\t\t\t\t<img decoding=\"async\" width=\"131\" height=\"138\" src=\"https:\/\/sefos.se\/wp-content\/uploads\/dot02.png\" class=\"attachment-full size-full wp-image-1813\" alt=\"\" srcset=\"https:\/\/sefos.se\/wp-content\/uploads\/dot02.png 131w, https:\/\/sefos.se\/wp-content\/uploads\/dot02-11x12.png 11w\" sizes=\"(max-width: 131px) 100vw, 131px\" \/>\t\t\t\t\t\t\t\t\t\t\t\t\t\t\t<\/div>\n\t\t\t\t<\/div>\n\t\t\t\t<div class=\"elementor-element elementor-element-3c5acd11 animated-slow elementor-invisible elementor-widget elementor-widget-heading\" data-id=\"3c5acd11\" data-element_type=\"widget\" data-e-type=\"widget\" data-settings=\"{&quot;_animation&quot;:&quot;slideInUp&quot;}\" data-widget_type=\"heading.default\">\n\t\t\t\t<div class=\"elementor-widget-container\">\n\t\t\t\t\t<h1 class=\"elementor-heading-title elementor-size-default\">Koppla flera SEFOS-anv\u00e4ndare till en och samma e-postadress.<\/h1>\t\t\t\t<\/div>\n\t\t\t\t<\/div>\n\t\t\t\t\t<\/div>\n\t\t<\/div>\n\t\t\t\t\t<\/div>\n\t\t<\/section>\n\t\t\t\t\t<\/div>\n\t\t<\/div>\n\t\t\t\t\t<\/div>\n\t\t<\/section>\n\t\t\t\t<section class=\"has_eae_slider elementor-section elementor-top-section elementor-element elementor-element-27364e4e elementor-section-boxed elementor-section-height-default elementor-section-height-default\" data-eae-slider=\"6925\" data-id=\"27364e4e\" data-element_type=\"section\" data-e-type=\"section\" data-settings=\"{&quot;background_background&quot;:&quot;classic&quot;}\">\n\t\t\t\t\t\t<div class=\"elementor-container elementor-column-gap-default\">\n\t\t\t\t\t<div class=\"has_eae_slider elementor-column elementor-col-50 elementor-top-column elementor-element elementor-element-626f863d\" data-eae-slider=\"12144\" data-id=\"626f863d\" data-element_type=\"column\" data-e-type=\"column\">\n\t\t\t<div class=\"elementor-widget-wrap elementor-element-populated\">\n\t\t\t\t\t\t<div class=\"elementor-element elementor-element-6fa5ba2b elementor-widget elementor-widget-image\" data-id=\"6fa5ba2b\" data-element_type=\"widget\" data-e-type=\"widget\" data-widget_type=\"image.default\">\n\t\t\t\t<div class=\"elementor-widget-container\">\n\t\t\t\t\t\t\t\t\t\t\t\t\t\t\t<img fetchpriority=\"high\" decoding=\"async\" width=\"800\" height=\"441\" src=\"https:\/\/sefos.se\/wp-content\/uploads\/funktion-1-1024x564.png\" class=\"attachment-large size-large wp-image-2893\" alt=\"\" srcset=\"https:\/\/sefos.se\/wp-content\/uploads\/funktion-1-1024x564.png 1024w, https:\/\/sefos.se\/wp-content\/uploads\/funktion-1-300x165.png 300w, https:\/\/sefos.se\/wp-content\/uploads\/funktion-1-768x423.png 768w, https:\/\/sefos.se\/wp-content\/uploads\/funktion-1-1536x845.png 1536w, https:\/\/sefos.se\/wp-content\/uploads\/funktion-1-18x10.png 18w, https:\/\/sefos.se\/wp-content\/uploads\/funktion-1.png 1550w\" sizes=\"(max-width: 800px) 100vw, 800px\" \/>\t\t\t\t\t\t\t\t\t\t\t\t\t\t\t<\/div>\n\t\t\t\t<\/div>\n\t\t\t\t\t<\/div>\n\t\t<\/div>\n\t\t\t\t<div class=\"has_eae_slider elementor-column elementor-col-50 elementor-top-column elementor-element elementor-element-35d0bc42 animated-fast elementor-invisible\" data-eae-slider=\"36452\" data-id=\"35d0bc42\" data-element_type=\"column\" data-e-type=\"column\" data-settings=\"{&quot;animation&quot;:&quot;fadeIn&quot;}\">\n\t\t\t<div class=\"elementor-widget-wrap elementor-element-populated\">\n\t\t\t\t\t\t<div class=\"elementor-element elementor-element-6fa4b828 elementor-widget elementor-widget-heading\" data-id=\"6fa4b828\" data-element_type=\"widget\" data-e-type=\"widget\" data-widget_type=\"heading.default\">\n\t\t\t\t<div class=\"elementor-widget-container\">\n\t\t\t\t\t<h2 class=\"elementor-heading-title elementor-size-default\">Skapa och hantera funktionsbrevl\u00e5dor<\/h2>\t\t\t\t<\/div>\n\t\t\t\t<\/div>\n\t\t\t\t<div class=\"elementor-element elementor-element-486815d4 elementor-widget elementor-widget-text-editor\" data-id=\"486815d4\" data-element_type=\"widget\" data-e-type=\"widget\" data-widget_type=\"text-editor.default\">\n\t\t\t\t<div class=\"elementor-widget-container\">\n\t\t\t\t\t\t\t\t\t<p>Med SEFOS \u00e4r det m\u00f6jligt att enkelt skapa och hantera en eller flera s\u00e4kra funktionsbrevl\u00e5dor i <strong>SEFOS for Web,<\/strong> men kan \u00e4ven anv\u00e4ndas genom <strong>MS Teams<\/strong>.<\/p><p>Koppla flera anv\u00e4ndare inom er organisation till olika funktionsbrevl\u00e5dor. Funktionsbrevl\u00e5dorna g\u00e5r att hitta f\u00f6r de kopplade anv\u00e4ndarna under deras personliga inkorg i Meddelanden.<\/p>\t\t\t\t\t\t\t\t<\/div>\n\t\t\t\t<\/div>\n\t\t\t\t\t<\/div>\n\t\t<\/div>\n\t\t\t\t\t<\/div>\n\t\t<\/section>\n\t\t\t\t<section class=\"has_eae_slider elementor-section elementor-top-section elementor-element elementor-element-5385ec55 elementor-reverse-mobile elementor-section-boxed elementor-section-height-default elementor-section-height-default\" data-eae-slider=\"9887\" data-id=\"5385ec55\" data-element_type=\"section\" data-e-type=\"section\" data-settings=\"{&quot;background_background&quot;:&quot;classic&quot;,&quot;shape_divider_top&quot;:&quot;curve&quot;}\">\n\t\t\t\t\t<div class=\"elementor-shape elementor-shape-top\" aria-hidden=\"true\" data-negative=\"false\">\n\t\t\t<svg xmlns=\"http:\/\/www.w3.org\/2000\/svg\" viewBox=\"0 0 1000 100\" preserveAspectRatio=\"none\">\n    <path class=\"elementor-shape-fill\" d=\"M1000,4.3V0H0v4.3C0.9,23.1,126.7,99.2,500,100S1000,22.7,1000,4.3z\"\/>\n<\/svg>\t\t<\/div>\n\t\t\t\t\t<div class=\"elementor-container elementor-column-gap-default\">\n\t\t\t\t\t<div class=\"has_eae_slider elementor-column elementor-col-50 elementor-top-column elementor-element elementor-element-69035121\" data-eae-slider=\"2090\" data-id=\"69035121\" data-element_type=\"column\" data-e-type=\"column\">\n\t\t\t<div class=\"elementor-widget-wrap elementor-element-populated\">\n\t\t\t\t\t\t<div class=\"elementor-element elementor-element-3f07b76b animated-slow elementor-invisible elementor-widget elementor-widget-heading\" data-id=\"3f07b76b\" data-element_type=\"widget\" data-e-type=\"widget\" data-settings=\"{&quot;_animation&quot;:&quot;fadeInDown&quot;}\" data-widget_type=\"heading.default\">\n\t\t\t\t<div class=\"elementor-widget-container\">\n\t\t\t\t\t<h2 class=\"elementor-heading-title elementor-size-default\">Hantera \u00e4renden i funktionsbrevl\u00e5dan<\/h2>\t\t\t\t<\/div>\n\t\t\t\t<\/div>\n\t\t\t\t<div class=\"elementor-element elementor-element-1bccd0d3 elementor-invisible elementor-widget elementor-widget-text-editor\" data-id=\"1bccd0d3\" data-element_type=\"widget\" data-e-type=\"widget\" data-settings=\"{&quot;_animation&quot;:&quot;fadeInDown&quot;}\" data-widget_type=\"text-editor.default\">\n\t\t\t\t<div class=\"elementor-widget-container\">\n\t\t\t\t\t\t\t\t\t<p>N\u00e4r utvalda anv\u00e4ndare inom er organisation blivit kopplade till en funktionsbrevl\u00e5da, \u00e4r det m\u00f6jligt f\u00f6r dem att skicka och ta emot meddelanden fr\u00e5n e-postadressen samt hantera \u00e4renden.<\/p>\t\t\t\t\t\t\t\t<\/div>\n\t\t\t\t<\/div>\n\t\t\t\t\t<\/div>\n\t\t<\/div>\n\t\t\t\t<div class=\"has_eae_slider elementor-column elementor-col-50 elementor-top-column elementor-element elementor-element-140cd301\" data-eae-slider=\"70074\" data-id=\"140cd301\" data-element_type=\"column\" data-e-type=\"column\">\n\t\t\t<div class=\"elementor-widget-wrap elementor-element-populated\">\n\t\t\t\t\t\t<div class=\"elementor-element elementor-element-637ed714 elementor-widget elementor-widget-image\" data-id=\"637ed714\" data-element_type=\"widget\" data-e-type=\"widget\" data-widget_type=\"image.default\">\n\t\t\t\t<div class=\"elementor-widget-container\">\n\t\t\t\t\t\t\t\t\t\t\t\t\t\t\t<img decoding=\"async\" width=\"800\" height=\"580\" src=\"https:\/\/sefos.se\/wp-content\/uploads\/funktion-2-1024x742.png\" class=\"attachment-large size-large wp-image-2894\" alt=\"\" srcset=\"https:\/\/sefos.se\/wp-content\/uploads\/funktion-2-1024x742.png 1024w, https:\/\/sefos.se\/wp-content\/uploads\/funktion-2-300x217.png 300w, https:\/\/sefos.se\/wp-content\/uploads\/funktion-2-768x557.png 768w, https:\/\/sefos.se\/wp-content\/uploads\/funktion-2-18x12.png 18w, https:\/\/sefos.se\/wp-content\/uploads\/funktion-2.png 1061w\" sizes=\"(max-width: 800px) 100vw, 800px\" \/>\t\t\t\t\t\t\t\t\t\t\t\t\t\t\t<\/div>\n\t\t\t\t<\/div>\n\t\t\t\t\t<\/div>\n\t\t<\/div>\n\t\t\t\t\t<\/div>\n\t\t<\/section>\n\t\t\t\t<section class=\"has_eae_slider elementor-section elementor-top-section elementor-element elementor-element-10733d8 elementor-section-boxed elementor-section-height-default elementor-section-height-default\" data-eae-slider=\"2093\" data-id=\"10733d8\" data-element_type=\"section\" data-e-type=\"section\" data-settings=\"{&quot;background_background&quot;:&quot;classic&quot;}\">\n\t\t\t\t\t\t\t<div class=\"elementor-background-overlay\"><\/div>\n\t\t\t\t\t\t\t<div class=\"elementor-container elementor-column-gap-default\">\n\t\t\t\t\t<div class=\"has_eae_slider elementor-column elementor-col-50 elementor-top-column elementor-element elementor-element-27ed239c\" data-eae-slider=\"84252\" data-id=\"27ed239c\" data-element_type=\"column\" data-e-type=\"column\">\n\t\t\t<div class=\"elementor-widget-wrap elementor-element-populated\">\n\t\t\t\t\t\t<div class=\"elementor-element elementor-element-11b19d14 animated-slow elementor-invisible elementor-widget elementor-widget-heading\" data-id=\"11b19d14\" data-element_type=\"widget\" data-e-type=\"widget\" data-settings=\"{&quot;_animation&quot;:&quot;fadeInDown&quot;}\" data-widget_type=\"heading.default\">\n\t\t\t\t<div class=\"elementor-widget-container\">\n\t\t\t\t\t<h2 class=\"elementor-heading-title elementor-size-default\">Kontakta oss f\u00f6r mer information<\/h2>\t\t\t\t<\/div>\n\t\t\t\t<\/div>\n\t\t\t\t<div class=\"elementor-element elementor-element-1677cfc2 elementor-invisible elementor-widget elementor-widget-text-editor\" data-id=\"1677cfc2\" data-element_type=\"widget\" data-e-type=\"widget\" data-settings=\"{&quot;_animation&quot;:&quot;fadeInDown&quot;}\" data-widget_type=\"text-editor.default\">\n\t\t\t\t<div class=\"elementor-widget-container\">\n\t\t\t\t\t\t\t\t\t<p>Vill du veta mer om SEFOS Funktionsbrevl\u00e5da? Kontakta oss genom att fylla i formul\u00e4ret bredvid, s\u00e5 \u00e5terkommer vi s\u00e5 snart som m\u00f6jligt!<\/p>\t\t\t\t\t\t\t\t<\/div>\n\t\t\t\t<\/div>\n\t\t\t\t\t<\/div>\n\t\t<\/div>\n\t\t\t\t<div class=\"has_eae_slider elementor-column elementor-col-50 elementor-top-column elementor-element elementor-element-6746ac2d\" data-eae-slider=\"94656\" data-id=\"6746ac2d\" data-element_type=\"column\" data-e-type=\"column\">\n\t\t\t<div class=\"elementor-widget-wrap elementor-element-populated\">\n\t\t\t\t\t\t<div class=\"elementor-element elementor-element-63c095eb elementor-button-align-stretch elementor-widget elementor-widget-form\" data-id=\"63c095eb\" data-element_type=\"widget\" data-e-type=\"widget\" data-settings=\"{&quot;step_next_label&quot;:&quot;N\\u00e4sta&quot;,&quot;step_previous_label&quot;:&quot;F\\u00f6reg\\u00e5ende&quot;,&quot;button_width&quot;:&quot;100&quot;,&quot;step_type&quot;:&quot;number_text&quot;,&quot;step_icon_shape&quot;:&quot;circle&quot;}\" data-widget_type=\"form.default\">\n\t\t\t\t<div class=\"elementor-widget-container\">\n\t\t\t\t\t\t\t<form class=\"elementor-form\" method=\"post\" name=\"New Form\" aria-label=\"New Form\">\n\t\t\t<input type=\"hidden\" name=\"post_id\" value=\"2891\"\/>\n\t\t\t<input type=\"hidden\" name=\"form_id\" value=\"63c095eb\"\/>\n\t\t\t<input type=\"hidden\" name=\"referer_title\" value=\"SEFOS Funktionsbrevl\u00e5dor - SEFOS\" \/>\n\n\t\t\t\t\t\t\t<input type=\"hidden\" name=\"queried_id\" value=\"2891\"\/>\n\t\t\t\n\t\t\t<div class=\"elementor-form-fields-wrapper elementor-labels-\">\n\t\t\t\t\t\t\t\t<div class=\"elementor-field-type-text elementor-field-group elementor-column elementor-field-group-name elementor-col-100\">\n\t\t\t\t\t\t\t\t\t\t\t\t<label for=\"form-field-name\" class=\"elementor-field-label elementor-screen-only\">\n\t\t\t\t\t\t\t\tNamn\t\t\t\t\t\t\t<\/label>\n\t\t\t\t\t\t\t\t\t\t\t\t\t\t<input size=\"1\" type=\"text\" name=\"form_fields[name]\" id=\"form-field-name\" class=\"elementor-field elementor-size-sm  elementor-field-textual\" placeholder=\"Namn\">\n\t\t\t\t\t\t\t\t\t\t\t<\/div>\n\t\t\t\t\t\t\t\t<div class=\"elementor-field-type-email elementor-field-group elementor-column elementor-field-group-email elementor-col-100 elementor-field-required\">\n\t\t\t\t\t\t\t\t\t\t\t\t<label for=\"form-field-email\" class=\"elementor-field-label elementor-screen-only\">\n\t\t\t\t\t\t\t\tE-post\t\t\t\t\t\t\t<\/label>\n\t\t\t\t\t\t\t\t\t\t\t\t\t\t<input size=\"1\" type=\"email\" name=\"form_fields[email]\" id=\"form-field-email\" class=\"elementor-field elementor-size-sm  elementor-field-textual\" placeholder=\"E-post\" required=\"required\">\n\t\t\t\t\t\t\t\t\t\t\t<\/div>\n\t\t\t\t\t\t\t\t<div class=\"elementor-field-type-textarea elementor-field-group elementor-column elementor-field-group-message elementor-col-100\">\n\t\t\t\t\t\t\t\t\t\t\t\t<label for=\"form-field-message\" class=\"elementor-field-label elementor-screen-only\">\n\t\t\t\t\t\t\t\tMeddelande\t\t\t\t\t\t\t<\/label>\n\t\t\t\t\t\t<textarea class=\"elementor-field-textual elementor-field  elementor-size-sm\" name=\"form_fields[message]\" id=\"form-field-message\" rows=\"4\" placeholder=\"Meddelande\"><\/textarea>\t\t\t\t<\/div>\n\t\t\t\t\t\t\t\t<div class=\"elementor-field-group elementor-column elementor-field-type-submit elementor-col-100 e-form__buttons\">\n\t\t\t\t\t<button class=\"elementor-button elementor-size-sm\" type=\"submit\">\n\t\t\t\t\t\t<span class=\"elementor-button-content-wrapper\">\n\t\t\t\t\t\t\t\t\t\t\t\t\t\t\t\t\t\t\t\t\t\t<span class=\"elementor-button-text\">Skicka<\/span>\n\t\t\t\t\t\t\t\t\t\t\t\t\t<\/span>\n\t\t\t\t\t<\/button>\n\t\t\t\t<\/div>\n\t\t\t<\/div>\n\t\t<\/form>\n\t\t\t\t\t\t<\/div>\n\t\t\t\t<\/div>\n\t\t\t\t\t<\/div>\n\t\t<\/div>\n\t\t\t\t\t<\/div>\n\t\t<\/section>\n\t\t\t\t<\/div>\n\t\t","protected":false},"excerpt":{"rendered":"<p>Funktionsbrevl\u00e5dor Koppla flera SEFOS-anv\u00e4ndare till en och samma e-postadress. Skapa och hantera funktionsbrevl\u00e5dor Med SEFOS \u00e4r det m\u00f6jligt att enkelt skapa och hantera en eller flera s\u00e4kra funktionsbrevl\u00e5dor i SEFOS for Web, men kan \u00e4ven anv\u00e4ndas genom MS Teams. Koppla flera anv\u00e4ndare inom er organisation till olika funktionsbrevl\u00e5dor. Funktionsbrevl\u00e5dorna g\u00e5r att hitta f\u00f6r de kopplade [&hellip;]<\/p>\n","protected":false},"author":5,"featured_media":0,"parent":0,"menu_order":0,"comment_status":"closed","ping_status":"closed","template":"","meta":{"_monsterinsights_skip_tracking":false,"_monsterinsights_sitenote_active":false,"_monsterinsights_sitenote_note":"","_monsterinsights_sitenote_category":0,"footnotes":""},"class_list":["post-2891","page","type-page","status-publish","hentry"],"yoast_head":"<!-- This site is optimized with the Yoast SEO plugin v27.4 - https:\/\/yoast.com\/product\/yoast-seo-wordpress\/ -->\n<title>SEFOS Funktionsbrevl\u00e5dor - SEFOS<\/title>\n<meta name=\"robots\" content=\"index, follow, max-snippet:-1, max-image-preview:large, max-video-preview:-1\" \/>\n<link rel=\"canonical\" href=\"https:\/\/sefos.se\/en\/funktionsbrevlador\/\" \/>\n<meta property=\"og:locale\" content=\"en_GB\" \/>\n<meta property=\"og:type\" content=\"article\" \/>\n<meta property=\"og:title\" content=\"SEFOS Funktionsbrevl\u00e5dor - SEFOS\" \/>\n<meta property=\"og:description\" content=\"Funktionsbrevl\u00e5dor Koppla flera SEFOS-anv\u00e4ndare till en och samma e-postadress. Skapa och hantera funktionsbrevl\u00e5dor Med SEFOS \u00e4r det m\u00f6jligt att enkelt skapa och hantera en eller flera s\u00e4kra funktionsbrevl\u00e5dor i SEFOS for Web, men kan \u00e4ven anv\u00e4ndas genom MS Teams. Koppla flera anv\u00e4ndare inom er organisation till olika funktionsbrevl\u00e5dor. Funktionsbrevl\u00e5dorna g\u00e5r att hitta f\u00f6r de kopplade [&hellip;]\" \/>\n<meta property=\"og:url\" content=\"https:\/\/sefos.se\/en\/funktionsbrevlador\/\" \/>\n<meta property=\"og:site_name\" content=\"SEFOS\" \/>\n<meta property=\"article:modified_time\" content=\"2024-09-13T12:51:26+00:00\" \/>\n<meta property=\"og:image\" content=\"https:\/\/sefos.se\/wp-content\/uploads\/dot02.png\" \/>\n<meta name=\"twitter:card\" content=\"summary_large_image\" \/>\n<meta name=\"twitter:label1\" content=\"Estimated reading time\" \/>\n\t<meta name=\"twitter:data1\" content=\"2 minutes\" \/>\n<script type=\"application\/ld+json\" class=\"yoast-schema-graph\">{\"@context\":\"https:\\\/\\\/schema.org\",\"@graph\":[{\"@type\":\"WebPage\",\"@id\":\"https:\\\/\\\/sefos.se\\\/funktionsbrevlador\\\/\",\"url\":\"https:\\\/\\\/sefos.se\\\/funktionsbrevlador\\\/\",\"name\":\"SEFOS Funktionsbrevl\u00e5dor - SEFOS\",\"isPartOf\":{\"@id\":\"https:\\\/\\\/sefos.se\\\/#website\"},\"primaryImageOfPage\":{\"@id\":\"https:\\\/\\\/sefos.se\\\/funktionsbrevlador\\\/#primaryimage\"},\"image\":{\"@id\":\"https:\\\/\\\/sefos.se\\\/funktionsbrevlador\\\/#primaryimage\"},\"thumbnailUrl\":\"https:\\\/\\\/sefos.se\\\/wp-content\\\/uploads\\\/dot02.png\",\"datePublished\":\"2021-10-07T15:39:53+00:00\",\"dateModified\":\"2024-09-13T12:51:26+00:00\",\"breadcrumb\":{\"@id\":\"https:\\\/\\\/sefos.se\\\/funktionsbrevlador\\\/#breadcrumb\"},\"inLanguage\":\"en-GB\",\"potentialAction\":[{\"@type\":\"ReadAction\",\"target\":[\"https:\\\/\\\/sefos.se\\\/funktionsbrevlador\\\/\"]}]},{\"@type\":\"ImageObject\",\"inLanguage\":\"en-GB\",\"@id\":\"https:\\\/\\\/sefos.se\\\/funktionsbrevlador\\\/#primaryimage\",\"url\":\"https:\\\/\\\/sefos.se\\\/wp-content\\\/uploads\\\/dot02.png\",\"contentUrl\":\"https:\\\/\\\/sefos.se\\\/wp-content\\\/uploads\\\/dot02.png\"},{\"@type\":\"BreadcrumbList\",\"@id\":\"https:\\\/\\\/sefos.se\\\/funktionsbrevlador\\\/#breadcrumb\",\"itemListElement\":[{\"@type\":\"ListItem\",\"position\":1,\"name\":\"Hem\",\"item\":\"https:\\\/\\\/sefos.se\\\/\"},{\"@type\":\"ListItem\",\"position\":2,\"name\":\"SEFOS Funktionsbrevl\u00e5dor\"}]},{\"@type\":\"WebSite\",\"@id\":\"https:\\\/\\\/sefos.se\\\/#website\",\"url\":\"https:\\\/\\\/sefos.se\\\/\",\"name\":\"SEFOS\",\"description\":\"\",\"potentialAction\":[{\"@type\":\"SearchAction\",\"target\":{\"@type\":\"EntryPoint\",\"urlTemplate\":\"https:\\\/\\\/sefos.se\\\/?s={search_term_string}\"},\"query-input\":{\"@type\":\"PropertyValueSpecification\",\"valueRequired\":true,\"valueName\":\"search_term_string\"}}],\"inLanguage\":\"en-GB\"}]}<\/script>\n<!-- \/ Yoast SEO plugin. -->","yoast_head_json":{"title":"SEFOS Funktionsbrevl\u00e5dor - SEFOS","robots":{"index":"index","follow":"follow","max-snippet":"max-snippet:-1","max-image-preview":"max-image-preview:large","max-video-preview":"max-video-preview:-1"},"canonical":"https:\/\/sefos.se\/en\/funktionsbrevlador\/","og_locale":"en_GB","og_type":"article","og_title":"SEFOS Funktionsbrevl\u00e5dor - SEFOS","og_description":"Funktionsbrevl\u00e5dor Koppla flera SEFOS-anv\u00e4ndare till en och samma e-postadress. Skapa och hantera funktionsbrevl\u00e5dor Med SEFOS \u00e4r det m\u00f6jligt att enkelt skapa och hantera en eller flera s\u00e4kra funktionsbrevl\u00e5dor i SEFOS for Web, men kan \u00e4ven anv\u00e4ndas genom MS Teams. Koppla flera anv\u00e4ndare inom er organisation till olika funktionsbrevl\u00e5dor. Funktionsbrevl\u00e5dorna g\u00e5r att hitta f\u00f6r de kopplade [&hellip;]","og_url":"https:\/\/sefos.se\/en\/funktionsbrevlador\/","og_site_name":"SEFOS","article_modified_time":"2024-09-13T12:51:26+00:00","og_image":[{"url":"https:\/\/sefos.se\/wp-content\/uploads\/dot02.png","type":"","width":"","height":""}],"twitter_card":"summary_large_image","twitter_misc":{"Estimated reading time":"2 minutes"},"schema":{"@context":"https:\/\/schema.org","@graph":[{"@type":"WebPage","@id":"https:\/\/sefos.se\/funktionsbrevlador\/","url":"https:\/\/sefos.se\/funktionsbrevlador\/","name":"SEFOS Funktionsbrevl\u00e5dor - SEFOS","isPartOf":{"@id":"https:\/\/sefos.se\/#website"},"primaryImageOfPage":{"@id":"https:\/\/sefos.se\/funktionsbrevlador\/#primaryimage"},"image":{"@id":"https:\/\/sefos.se\/funktionsbrevlador\/#primaryimage"},"thumbnailUrl":"https:\/\/sefos.se\/wp-content\/uploads\/dot02.png","datePublished":"2021-10-07T15:39:53+00:00","dateModified":"2024-09-13T12:51:26+00:00","breadcrumb":{"@id":"https:\/\/sefos.se\/funktionsbrevlador\/#breadcrumb"},"inLanguage":"en-GB","potentialAction":[{"@type":"ReadAction","target":["https:\/\/sefos.se\/funktionsbrevlador\/"]}]},{"@type":"ImageObject","inLanguage":"en-GB","@id":"https:\/\/sefos.se\/funktionsbrevlador\/#primaryimage","url":"https:\/\/sefos.se\/wp-content\/uploads\/dot02.png","contentUrl":"https:\/\/sefos.se\/wp-content\/uploads\/dot02.png"},{"@type":"BreadcrumbList","@id":"https:\/\/sefos.se\/funktionsbrevlador\/#breadcrumb","itemListElement":[{"@type":"ListItem","position":1,"name":"Hem","item":"https:\/\/sefos.se\/"},{"@type":"ListItem","position":2,"name":"SEFOS Funktionsbrevl\u00e5dor"}]},{"@type":"WebSite","@id":"https:\/\/sefos.se\/#website","url":"https:\/\/sefos.se\/","name":"SEFOS","description":"","potentialAction":[{"@type":"SearchAction","target":{"@type":"EntryPoint","urlTemplate":"https:\/\/sefos.se\/?s={search_term_string}"},"query-input":{"@type":"PropertyValueSpecification","valueRequired":true,"valueName":"search_term_string"}}],"inLanguage":"en-GB"}]}},"_links":{"self":[{"href":"https:\/\/sefos.se\/en\/wp-json\/wp\/v2\/pages\/2891","targetHints":{"allow":["GET"]}}],"collection":[{"href":"https:\/\/sefos.se\/en\/wp-json\/wp\/v2\/pages"}],"about":[{"href":"https:\/\/sefos.se\/en\/wp-json\/wp\/v2\/types\/page"}],"author":[{"embeddable":true,"href":"https:\/\/sefos.se\/en\/wp-json\/wp\/v2\/users\/5"}],"replies":[{"embeddable":true,"href":"https:\/\/sefos.se\/en\/wp-json\/wp\/v2\/comments?post=2891"}],"version-history":[{"count":25,"href":"https:\/\/sefos.se\/en\/wp-json\/wp\/v2\/pages\/2891\/revisions"}],"predecessor-version":[{"id":4663,"href":"https:\/\/sefos.se\/en\/wp-json\/wp\/v2\/pages\/2891\/revisions\/4663"}],"wp:attachment":[{"href":"https:\/\/sefos.se\/en\/wp-json\/wp\/v2\/media?parent=2891"}],"curies":[{"name":"wp","href":"https:\/\/api.w.org\/{rel}","templated":true}]}}