{"id":2677,"date":"2021-06-30T14:58:16","date_gmt":"2021-06-30T14:58:16","guid":{"rendered":"https:\/\/sefos.se\/?page_id=2677"},"modified":"2025-08-29T13:35:35","modified_gmt":"2025-08-29T13:35:35","slug":"sakra-videomoten","status":"publish","type":"page","link":"https:\/\/sefos.se\/en\/sakra-videomoten\/","title":{"rendered":"Secure Video Meetings"},"content":{"rendered":"\t\t<div data-elementor-type=\"wp-page\" data-elementor-id=\"2677\" class=\"elementor elementor-2677\" data-elementor-post-type=\"page\">\n\t\t\t\t\t\t<section class=\"has_eae_slider elementor-section elementor-top-section elementor-element elementor-element-65d782f1 elementor-section-boxed elementor-section-height-default elementor-section-height-default\" data-eae-slider=\"24357\" data-id=\"65d782f1\" data-element_type=\"section\" data-e-type=\"section\" data-settings=\"{&quot;background_background&quot;:&quot;classic&quot;}\">\n\t\t\t\t\t\t\t<div class=\"elementor-background-overlay\"><\/div>\n\t\t\t\t\t\t\t<div class=\"elementor-container elementor-column-gap-default\">\n\t\t\t\t\t<div class=\"has_eae_slider elementor-column elementor-col-100 elementor-top-column elementor-element elementor-element-3f544dc3\" data-eae-slider=\"73817\" data-id=\"3f544dc3\" data-element_type=\"column\" data-e-type=\"column\">\n\t\t\t<div class=\"elementor-widget-wrap elementor-element-populated\">\n\t\t\t\t\t\t<div class=\"elementor-element elementor-element-3d5508cf animated-slow elementor-invisible elementor-widget elementor-widget-heading\" data-id=\"3d5508cf\" data-element_type=\"widget\" data-e-type=\"widget\" data-settings=\"{&quot;_animation&quot;:&quot;slideInUp&quot;}\" data-widget_type=\"heading.default\">\n\t\t\t\t<div class=\"elementor-widget-container\">\n\t\t\t\t\t<h1 class=\"elementor-heading-title elementor-size-default\">S\u00e4kra Videom\u00f6ten<\/h1>\t\t\t\t<\/div>\n\t\t\t\t<\/div>\n\t\t\t\t<section class=\"has_eae_slider elementor-section elementor-inner-section elementor-element elementor-element-47c696d8 elementor-section-boxed elementor-section-height-default elementor-section-height-default\" data-eae-slider=\"31392\" data-id=\"47c696d8\" data-element_type=\"section\" data-e-type=\"section\">\n\t\t\t\t\t\t<div class=\"elementor-container elementor-column-gap-default\">\n\t\t\t\t\t<div class=\"has_eae_slider elementor-column elementor-col-100 elementor-inner-column elementor-element elementor-element-67d7ce9e\" data-eae-slider=\"62437\" data-id=\"67d7ce9e\" data-element_type=\"column\" data-e-type=\"column\">\n\t\t\t<div class=\"elementor-widget-wrap elementor-element-populated\">\n\t\t\t\t\t\t<div class=\"elementor-element elementor-element-4b4a4885 elementor-absolute elementor-widget elementor-widget-image\" data-id=\"4b4a4885\" data-element_type=\"widget\" data-e-type=\"widget\" data-settings=\"{&quot;_position&quot;:&quot;absolute&quot;}\" data-widget_type=\"image.default\">\n\t\t\t\t<div class=\"elementor-widget-container\">\n\t\t\t\t\t\t\t\t\t\t\t\t\t\t\t<img decoding=\"async\" width=\"131\" height=\"138\" src=\"https:\/\/sefos.se\/wp-content\/uploads\/dot02.png\" class=\"attachment-full size-full wp-image-1813\" alt=\"\" srcset=\"https:\/\/sefos.se\/wp-content\/uploads\/dot02.png 131w, https:\/\/sefos.se\/wp-content\/uploads\/dot02-11x12.png 11w\" sizes=\"(max-width: 131px) 100vw, 131px\" \/>\t\t\t\t\t\t\t\t\t\t\t\t\t\t\t<\/div>\n\t\t\t\t<\/div>\n\t\t\t\t<div class=\"elementor-element elementor-element-538572a4 animated-slow elementor-invisible elementor-widget elementor-widget-heading\" data-id=\"538572a4\" data-element_type=\"widget\" data-e-type=\"widget\" data-settings=\"{&quot;_animation&quot;:&quot;slideInUp&quot;}\" data-widget_type=\"heading.default\">\n\t\t\t\t<div class=\"elementor-widget-container\">\n\t\t\t\t\t<h1 class=\"elementor-heading-title elementor-size-default\">SEFOS s\u00e4kra videom\u00f6ten g\u00f6r det m\u00f6jligt att p\u00e5 ett enkelt s\u00e4tt boka digitala videom\u00f6ten d\u00e4r deltagarna m\u00e5ste verifiera sig med stark autentisering f\u00f6r att kunna ansluta till m\u00f6tet. M\u00f6tesdeltagarna kan identifiera sig med metoder som exempelvis svensk e-legitimation, SITHS eller liknande och p\u00e5 s\u00e5 s\u00e4tt p\u00e5visa beh\u00f6righet till m\u00f6tet.<\/h1>\t\t\t\t<\/div>\n\t\t\t\t<\/div>\n\t\t\t\t\t<\/div>\n\t\t<\/div>\n\t\t\t\t\t<\/div>\n\t\t<\/section>\n\t\t\t\t\t<\/div>\n\t\t<\/div>\n\t\t\t\t\t<\/div>\n\t\t<\/section>\n\t\t\t\t<section class=\"has_eae_slider elementor-section elementor-top-section elementor-element elementor-element-63ce271f elementor-section-boxed elementor-section-height-default elementor-section-height-default\" data-eae-slider=\"7211\" data-id=\"63ce271f\" data-element_type=\"section\" data-e-type=\"section\" data-settings=\"{&quot;background_background&quot;:&quot;classic&quot;}\">\n\t\t\t\t\t\t<div class=\"elementor-container elementor-column-gap-default\">\n\t\t\t\t\t<div class=\"has_eae_slider elementor-column elementor-col-100 elementor-top-column elementor-element elementor-element-2c6b10dd animated-fast elementor-invisible\" data-eae-slider=\"57450\" data-id=\"2c6b10dd\" data-element_type=\"column\" data-e-type=\"column\" data-settings=\"{&quot;animation&quot;:&quot;fadeIn&quot;}\">\n\t\t\t<div class=\"elementor-widget-wrap elementor-element-populated\">\n\t\t\t\t\t\t<div class=\"elementor-element elementor-element-43952215 elementor-widget elementor-widget-heading\" data-id=\"43952215\" data-element_type=\"widget\" data-e-type=\"widget\" data-widget_type=\"heading.default\">\n\t\t\t\t<div class=\"elementor-widget-container\">\n\t\t\t\t\t<h2 class=\"elementor-heading-title elementor-size-default\">M\u00f6tesdeltagare kan<br> anv\u00e4nda sig av olika identifieringsmetoder <\/h2>\t\t\t\t<\/div>\n\t\t\t\t<\/div>\n\t\t\t\t<div class=\"elementor-element elementor-element-af9dd25 elementor-widget elementor-widget-text-editor\" data-id=\"af9dd25\" data-element_type=\"widget\" data-e-type=\"widget\" data-widget_type=\"text-editor.default\">\n\t\t\t\t<div class=\"elementor-widget-container\">\n\t\t\t\t\t\t\t\t\t<div>Konfigurera ditt m\u00f6te med individuella identifieringsmetoder f\u00f6r varje deltagare och anv\u00e4nd kalendern precis som vanligt f\u00f6r att h\u00e5lla koll p\u00e5 dina m\u00f6ten. Alla SEFOS vanliga identifieringsmetoder fungerar med videom\u00f6ten.<\/div>\t\t\t\t\t\t\t\t<\/div>\n\t\t\t\t<\/div>\n\t\t\t\t<div class=\"elementor-element elementor-element-922844f elementor-hidden-phone elementor-widget elementor-widget-image\" data-id=\"922844f\" data-element_type=\"widget\" data-e-type=\"widget\" data-widget_type=\"image.default\">\n\t\t\t\t<div class=\"elementor-widget-container\">\n\t\t\t\t\t\t\t\t\t\t\t\t\t\t\t<img fetchpriority=\"high\" decoding=\"async\" width=\"800\" height=\"316\" src=\"https:\/\/sefos.se\/wp-content\/uploads\/sefos-saker-videomote-2025-1024x404.png\" class=\"attachment-large size-large wp-image-4743\" alt=\"\" srcset=\"https:\/\/sefos.se\/wp-content\/uploads\/sefos-saker-videomote-2025-1024x404.png 1024w, https:\/\/sefos.se\/wp-content\/uploads\/sefos-saker-videomote-2025-300x118.png 300w, https:\/\/sefos.se\/wp-content\/uploads\/sefos-saker-videomote-2025-768x303.png 768w, https:\/\/sefos.se\/wp-content\/uploads\/sefos-saker-videomote-2025-18x7.png 18w, https:\/\/sefos.se\/wp-content\/uploads\/sefos-saker-videomote-2025.png 1280w\" sizes=\"(max-width: 800px) 100vw, 800px\" \/>\t\t\t\t\t\t\t\t\t\t\t\t\t\t\t<\/div>\n\t\t\t\t<\/div>\n\t\t\t\t\t<\/div>\n\t\t<\/div>\n\t\t\t\t\t<\/div>\n\t\t<\/section>\n\t\t\t\t<section class=\"has_eae_slider elementor-section elementor-top-section elementor-element elementor-element-5225a4d9 elementor-reverse-mobile elementor-section-boxed elementor-section-height-default elementor-section-height-default\" data-eae-slider=\"92459\" data-id=\"5225a4d9\" data-element_type=\"section\" data-e-type=\"section\" data-settings=\"{&quot;background_background&quot;:&quot;classic&quot;,&quot;shape_divider_top&quot;:&quot;curve&quot;}\">\n\t\t\t\t\t<div class=\"elementor-shape elementor-shape-top\" aria-hidden=\"true\" data-negative=\"false\">\n\t\t\t<svg xmlns=\"http:\/\/www.w3.org\/2000\/svg\" viewBox=\"0 0 1000 100\" preserveAspectRatio=\"none\">\n    <path class=\"elementor-shape-fill\" d=\"M1000,4.3V0H0v4.3C0.9,23.1,126.7,99.2,500,100S1000,22.7,1000,4.3z\"\/>\n<\/svg>\t\t<\/div>\n\t\t\t\t\t<div class=\"elementor-container elementor-column-gap-default\">\n\t\t\t\t\t<div class=\"has_eae_slider elementor-column elementor-col-50 elementor-top-column elementor-element elementor-element-aa537f7\" data-eae-slider=\"36990\" data-id=\"aa537f7\" data-element_type=\"column\" data-e-type=\"column\">\n\t\t\t<div class=\"elementor-widget-wrap elementor-element-populated\">\n\t\t\t\t\t\t<div class=\"elementor-element elementor-element-52a619e9 animated-slow elementor-invisible elementor-widget elementor-widget-heading\" data-id=\"52a619e9\" data-element_type=\"widget\" data-e-type=\"widget\" data-settings=\"{&quot;_animation&quot;:&quot;fadeInDown&quot;}\" data-widget_type=\"heading.default\">\n\t\t\t\t<div class=\"elementor-widget-container\">\n\t\t\t\t\t<h2 class=\"elementor-heading-title elementor-size-default\">Shrems ii skapar problem<\/h2>\t\t\t\t<\/div>\n\t\t\t\t<\/div>\n\t\t\t\t<div class=\"elementor-element elementor-element-2a189c00 elementor-invisible elementor-widget elementor-widget-text-editor\" data-id=\"2a189c00\" data-element_type=\"widget\" data-e-type=\"widget\" data-settings=\"{&quot;_animation&quot;:&quot;fadeInDown&quot;}\" data-widget_type=\"text-editor.default\">\n\t\t\t\t<div class=\"elementor-widget-container\">\n\t\t\t\t\t\t\t\t\t<div><p>Senaste tidens turbulens ang\u00e5ende molntj\u00e4nsters vara eller icke vara inom svensk offentlig sektor har gjort att behovet av en tj\u00e4nst f\u00f6r s\u00e4kra videom\u00f6ten levererad i Sverige, och av ett svenskt f\u00f6retag, \u00f6kat markant.<\/p><p>SEFOS g\u00f6r det m\u00f6jligt f\u00f6r en organisation att v\u00e4lja var deras tj\u00e4nst ska vara installerad och d\u00e4rmed \u00e4ven s\u00e4kerst\u00e4lla att deras data inte g\u00e5r via en utl\u00e4ndsk leverant\u00f6r av molntj\u00e4nster.<\/p><\/div>\t\t\t\t\t\t\t\t<\/div>\n\t\t\t\t<\/div>\n\t\t\t\t\t<\/div>\n\t\t<\/div>\n\t\t\t\t<div class=\"has_eae_slider elementor-column elementor-col-50 elementor-top-column elementor-element elementor-element-2278fbf6\" data-eae-slider=\"82597\" data-id=\"2278fbf6\" data-element_type=\"column\" data-e-type=\"column\">\n\t\t\t<div class=\"elementor-widget-wrap elementor-element-populated\">\n\t\t\t\t\t\t<div class=\"elementor-element elementor-element-12718a elementor-widget elementor-widget-image\" data-id=\"12718a\" data-element_type=\"widget\" data-e-type=\"widget\" data-widget_type=\"image.default\">\n\t\t\t\t<div class=\"elementor-widget-container\">\n\t\t\t\t\t\t\t\t\t\t\t\t\t\t\t<img decoding=\"async\" width=\"482\" height=\"295\" src=\"https:\/\/sefos.se\/wp-content\/uploads\/schrems-1.png\" class=\"attachment-large size-large wp-image-3528\" alt=\"\" srcset=\"https:\/\/sefos.se\/wp-content\/uploads\/schrems-1.png 482w, https:\/\/sefos.se\/wp-content\/uploads\/schrems-1-300x184.png 300w, https:\/\/sefos.se\/wp-content\/uploads\/schrems-1-18x12.png 18w\" sizes=\"(max-width: 482px) 100vw, 482px\" \/>\t\t\t\t\t\t\t\t\t\t\t\t\t\t\t<\/div>\n\t\t\t\t<\/div>\n\t\t\t\t\t<\/div>\n\t\t<\/div>\n\t\t\t\t\t<\/div>\n\t\t<\/section>\n\t\t\t\t<section class=\"has_eae_slider elementor-section elementor-top-section elementor-element elementor-element-592e5990 elementor-section-boxed elementor-section-height-default elementor-section-height-default\" data-eae-slider=\"25434\" data-id=\"592e5990\" data-element_type=\"section\" data-e-type=\"section\" data-settings=\"{&quot;background_background&quot;:&quot;classic&quot;}\">\n\t\t\t\t\t\t\t<div class=\"elementor-background-overlay\"><\/div>\n\t\t\t\t\t\t\t<div class=\"elementor-container elementor-column-gap-default\">\n\t\t\t\t\t<div class=\"has_eae_slider elementor-column elementor-col-50 elementor-top-column elementor-element elementor-element-e9c0fea\" data-eae-slider=\"66936\" data-id=\"e9c0fea\" data-element_type=\"column\" data-e-type=\"column\">\n\t\t\t<div class=\"elementor-widget-wrap elementor-element-populated\">\n\t\t\t\t\t\t<div class=\"elementor-element elementor-element-178381d3 animated-slow elementor-invisible elementor-widget elementor-widget-heading\" data-id=\"178381d3\" data-element_type=\"widget\" data-e-type=\"widget\" data-settings=\"{&quot;_animation&quot;:&quot;fadeInDown&quot;}\" data-widget_type=\"heading.default\">\n\t\t\t\t<div class=\"elementor-widget-container\">\n\t\t\t\t\t<h2 class=\"elementor-heading-title elementor-size-default\">Kontakta oss f\u00f6r mer information<\/h2>\t\t\t\t<\/div>\n\t\t\t\t<\/div>\n\t\t\t\t<div class=\"elementor-element elementor-element-67bdff2e elementor-invisible elementor-widget elementor-widget-text-editor\" data-id=\"67bdff2e\" data-element_type=\"widget\" data-e-type=\"widget\" data-settings=\"{&quot;_animation&quot;:&quot;fadeInDown&quot;}\" data-widget_type=\"text-editor.default\">\n\t\t\t\t<div class=\"elementor-widget-container\">\n\t\t\t\t\t\t\t\t\t<p>Vill du veta mer om SEFOS S\u00e4kra Videom\u00f6ten? Kontakta oss genom att fylla i formul\u00e4ret bredvid, s\u00e5 \u00e5terkommer vi s\u00e5 snart som m\u00f6jligt!<\/p>\t\t\t\t\t\t\t\t<\/div>\n\t\t\t\t<\/div>\n\t\t\t\t\t<\/div>\n\t\t<\/div>\n\t\t\t\t<div class=\"has_eae_slider elementor-column elementor-col-50 elementor-top-column elementor-element elementor-element-540be907\" data-eae-slider=\"56985\" data-id=\"540be907\" data-element_type=\"column\" data-e-type=\"column\">\n\t\t\t<div class=\"elementor-widget-wrap elementor-element-populated\">\n\t\t\t\t\t\t<div class=\"elementor-element elementor-element-4e447f71 elementor-button-align-stretch elementor-widget elementor-widget-form\" data-id=\"4e447f71\" data-element_type=\"widget\" data-e-type=\"widget\" data-settings=\"{&quot;step_next_label&quot;:&quot;N\\u00e4sta&quot;,&quot;step_previous_label&quot;:&quot;F\\u00f6reg\\u00e5ende&quot;,&quot;button_width&quot;:&quot;100&quot;,&quot;step_type&quot;:&quot;number_text&quot;,&quot;step_icon_shape&quot;:&quot;circle&quot;}\" data-widget_type=\"form.default\">\n\t\t\t\t<div class=\"elementor-widget-container\">\n\t\t\t\t\t\t\t<form class=\"elementor-form\" method=\"post\" name=\"New Form\" aria-label=\"New Form\">\n\t\t\t<input type=\"hidden\" name=\"post_id\" value=\"2677\"\/>\n\t\t\t<input type=\"hidden\" name=\"form_id\" value=\"4e447f71\"\/>\n\t\t\t<input type=\"hidden\" name=\"referer_title\" value=\"S\u00e4kra Videom\u00f6ten - SEFOS\" \/>\n\n\t\t\t\t\t\t\t<input type=\"hidden\" name=\"queried_id\" value=\"2677\"\/>\n\t\t\t\n\t\t\t<div class=\"elementor-form-fields-wrapper elementor-labels-\">\n\t\t\t\t\t\t\t\t<div class=\"elementor-field-type-text elementor-field-group elementor-column elementor-field-group-name elementor-col-100\">\n\t\t\t\t\t\t\t\t\t\t\t\t<label for=\"form-field-name\" class=\"elementor-field-label elementor-screen-only\">\n\t\t\t\t\t\t\t\tNamn\t\t\t\t\t\t\t<\/label>\n\t\t\t\t\t\t\t\t\t\t\t\t\t\t<input size=\"1\" type=\"text\" name=\"form_fields[name]\" id=\"form-field-name\" class=\"elementor-field elementor-size-sm  elementor-field-textual\" placeholder=\"Namn\">\n\t\t\t\t\t\t\t\t\t\t\t<\/div>\n\t\t\t\t\t\t\t\t<div class=\"elementor-field-type-email elementor-field-group elementor-column elementor-field-group-email elementor-col-100 elementor-field-required\">\n\t\t\t\t\t\t\t\t\t\t\t\t<label for=\"form-field-email\" class=\"elementor-field-label elementor-screen-only\">\n\t\t\t\t\t\t\t\tE-post\t\t\t\t\t\t\t<\/label>\n\t\t\t\t\t\t\t\t\t\t\t\t\t\t<input size=\"1\" type=\"email\" name=\"form_fields[email]\" id=\"form-field-email\" class=\"elementor-field elementor-size-sm  elementor-field-textual\" placeholder=\"E-post\" required=\"required\">\n\t\t\t\t\t\t\t\t\t\t\t<\/div>\n\t\t\t\t\t\t\t\t<div class=\"elementor-field-type-textarea elementor-field-group elementor-column elementor-field-group-message elementor-col-100\">\n\t\t\t\t\t\t\t\t\t\t\t\t<label for=\"form-field-message\" class=\"elementor-field-label elementor-screen-only\">\n\t\t\t\t\t\t\t\tMeddelande\t\t\t\t\t\t\t<\/label>\n\t\t\t\t\t\t<textarea class=\"elementor-field-textual elementor-field  elementor-size-sm\" name=\"form_fields[message]\" id=\"form-field-message\" rows=\"4\" placeholder=\"Meddelande\"><\/textarea>\t\t\t\t<\/div>\n\t\t\t\t\t\t\t\t<div class=\"elementor-field-group elementor-column elementor-field-type-submit elementor-col-100 e-form__buttons\">\n\t\t\t\t\t<button class=\"elementor-button elementor-size-sm\" type=\"submit\">\n\t\t\t\t\t\t<span class=\"elementor-button-content-wrapper\">\n\t\t\t\t\t\t\t\t\t\t\t\t\t\t\t\t\t\t\t\t\t\t<span class=\"elementor-button-text\">Skicka<\/span>\n\t\t\t\t\t\t\t\t\t\t\t\t\t<\/span>\n\t\t\t\t\t<\/button>\n\t\t\t\t<\/div>\n\t\t\t<\/div>\n\t\t<\/form>\n\t\t\t\t\t\t<\/div>\n\t\t\t\t<\/div>\n\t\t\t\t\t<\/div>\n\t\t<\/div>\n\t\t\t\t\t<\/div>\n\t\t<\/section>\n\t\t\t\t<\/div>\n\t\t","protected":false},"excerpt":{"rendered":"<p>S\u00e4kra Videom\u00f6ten SEFOS s\u00e4kra videom\u00f6ten g\u00f6r det m\u00f6jligt att p\u00e5 ett enkelt s\u00e4tt boka digitala videom\u00f6ten d\u00e4r deltagarna m\u00e5ste verifiera sig med stark autentisering f\u00f6r att kunna ansluta till m\u00f6tet. M\u00f6tesdeltagarna kan identifiera sig med metoder som exempelvis svensk e-legitimation, SITHS eller liknande och p\u00e5 s\u00e5 s\u00e4tt p\u00e5visa beh\u00f6righet till m\u00f6tet. M\u00f6tesdeltagare kan anv\u00e4nda sig [&hellip;]<\/p>\n","protected":false},"author":5,"featured_media":0,"parent":0,"menu_order":0,"comment_status":"closed","ping_status":"closed","template":"elementor_header_footer","meta":{"_monsterinsights_skip_tracking":false,"_monsterinsights_sitenote_active":false,"_monsterinsights_sitenote_note":"","_monsterinsights_sitenote_category":0,"footnotes":""},"class_list":["post-2677","page","type-page","status-publish","hentry"],"yoast_head":"<!-- This site is optimized with the Yoast SEO plugin v27.5 - https:\/\/yoast.com\/product\/yoast-seo-wordpress\/ -->\n<title>S\u00e4kra Videom\u00f6ten - SEFOS<\/title>\n<meta name=\"description\" content=\"Boka digitala videom\u00f6ten p\u00e5 ett enkelt och s\u00e4kert s\u00e4tt d\u00e4r deltagarna m\u00e5ste verifiera sig med stark autentisering f\u00f6r att kunna ansluta.\" \/>\n<meta name=\"robots\" content=\"index, follow, max-snippet:-1, max-image-preview:large, max-video-preview:-1\" \/>\n<link rel=\"canonical\" href=\"https:\/\/sefos.se\/en\/sakra-videomoten\/\" \/>\n<meta property=\"og:locale\" content=\"en_GB\" \/>\n<meta property=\"og:type\" content=\"article\" \/>\n<meta property=\"og:title\" content=\"S\u00e4kra Videom\u00f6ten - SEFOS\" \/>\n<meta property=\"og:description\" content=\"Boka digitala videom\u00f6ten p\u00e5 ett enkelt och s\u00e4kert s\u00e4tt d\u00e4r deltagarna m\u00e5ste verifiera sig med stark autentisering f\u00f6r att kunna ansluta.\" \/>\n<meta property=\"og:url\" content=\"https:\/\/sefos.se\/en\/sakra-videomoten\/\" \/>\n<meta property=\"og:site_name\" content=\"SEFOS\" \/>\n<meta property=\"article:modified_time\" content=\"2025-08-29T13:35:35+00:00\" \/>\n<meta property=\"og:image\" content=\"https:\/\/sefos.se\/wp-content\/uploads\/dot02.png\" \/>\n\t<meta property=\"og:image:width\" content=\"131\" \/>\n\t<meta property=\"og:image:height\" content=\"138\" \/>\n\t<meta property=\"og:image:type\" content=\"image\/png\" \/>\n<meta name=\"twitter:card\" content=\"summary_large_image\" \/>\n<meta name=\"twitter:label1\" content=\"Estimated reading time\" \/>\n\t<meta name=\"twitter:data1\" content=\"2 minutes\" \/>\n<script type=\"application\/ld+json\" class=\"yoast-schema-graph\">{\"@context\":\"https:\\\/\\\/schema.org\",\"@graph\":[{\"@type\":\"WebPage\",\"@id\":\"https:\\\/\\\/sefos.se\\\/sakra-videomoten\\\/\",\"url\":\"https:\\\/\\\/sefos.se\\\/sakra-videomoten\\\/\",\"name\":\"S\u00e4kra Videom\u00f6ten - SEFOS\",\"isPartOf\":{\"@id\":\"https:\\\/\\\/sefos.se\\\/#website\"},\"primaryImageOfPage\":{\"@id\":\"https:\\\/\\\/sefos.se\\\/sakra-videomoten\\\/#primaryimage\"},\"image\":{\"@id\":\"https:\\\/\\\/sefos.se\\\/sakra-videomoten\\\/#primaryimage\"},\"thumbnailUrl\":\"https:\\\/\\\/sefos.se\\\/wp-content\\\/uploads\\\/dot02.png\",\"datePublished\":\"2021-06-30T14:58:16+00:00\",\"dateModified\":\"2025-08-29T13:35:35+00:00\",\"description\":\"Boka digitala videom\u00f6ten p\u00e5 ett enkelt och s\u00e4kert s\u00e4tt d\u00e4r deltagarna m\u00e5ste verifiera sig med stark autentisering f\u00f6r att kunna ansluta.\",\"breadcrumb\":{\"@id\":\"https:\\\/\\\/sefos.se\\\/sakra-videomoten\\\/#breadcrumb\"},\"inLanguage\":\"en-GB\",\"potentialAction\":[{\"@type\":\"ReadAction\",\"target\":[\"https:\\\/\\\/sefos.se\\\/sakra-videomoten\\\/\"]}]},{\"@type\":\"ImageObject\",\"inLanguage\":\"en-GB\",\"@id\":\"https:\\\/\\\/sefos.se\\\/sakra-videomoten\\\/#primaryimage\",\"url\":\"https:\\\/\\\/sefos.se\\\/wp-content\\\/uploads\\\/dot02.png\",\"contentUrl\":\"https:\\\/\\\/sefos.se\\\/wp-content\\\/uploads\\\/dot02.png\"},{\"@type\":\"BreadcrumbList\",\"@id\":\"https:\\\/\\\/sefos.se\\\/sakra-videomoten\\\/#breadcrumb\",\"itemListElement\":[{\"@type\":\"ListItem\",\"position\":1,\"name\":\"Hem\",\"item\":\"https:\\\/\\\/sefos.se\\\/\"},{\"@type\":\"ListItem\",\"position\":2,\"name\":\"S\u00e4kra Videom\u00f6ten\"}]},{\"@type\":\"WebSite\",\"@id\":\"https:\\\/\\\/sefos.se\\\/#website\",\"url\":\"https:\\\/\\\/sefos.se\\\/\",\"name\":\"SEFOS\",\"description\":\"\",\"potentialAction\":[{\"@type\":\"SearchAction\",\"target\":{\"@type\":\"EntryPoint\",\"urlTemplate\":\"https:\\\/\\\/sefos.se\\\/?s={search_term_string}\"},\"query-input\":{\"@type\":\"PropertyValueSpecification\",\"valueRequired\":true,\"valueName\":\"search_term_string\"}}],\"inLanguage\":\"en-GB\"}]}<\/script>\n<!-- \/ Yoast SEO plugin. -->","yoast_head_json":{"title":"S\u00e4kra Videom\u00f6ten - SEFOS","description":"Boka digitala videom\u00f6ten p\u00e5 ett enkelt och s\u00e4kert s\u00e4tt d\u00e4r deltagarna m\u00e5ste verifiera sig med stark autentisering f\u00f6r att kunna ansluta.","robots":{"index":"index","follow":"follow","max-snippet":"max-snippet:-1","max-image-preview":"max-image-preview:large","max-video-preview":"max-video-preview:-1"},"canonical":"https:\/\/sefos.se\/en\/sakra-videomoten\/","og_locale":"en_GB","og_type":"article","og_title":"S\u00e4kra Videom\u00f6ten - SEFOS","og_description":"Boka digitala videom\u00f6ten p\u00e5 ett enkelt och s\u00e4kert s\u00e4tt d\u00e4r deltagarna m\u00e5ste verifiera sig med stark autentisering f\u00f6r att kunna ansluta.","og_url":"https:\/\/sefos.se\/en\/sakra-videomoten\/","og_site_name":"SEFOS","article_modified_time":"2025-08-29T13:35:35+00:00","og_image":[{"width":131,"height":138,"url":"https:\/\/sefos.se\/wp-content\/uploads\/dot02.png","type":"image\/png"}],"twitter_card":"summary_large_image","twitter_misc":{"Estimated reading time":"2 minutes"},"schema":{"@context":"https:\/\/schema.org","@graph":[{"@type":"WebPage","@id":"https:\/\/sefos.se\/sakra-videomoten\/","url":"https:\/\/sefos.se\/sakra-videomoten\/","name":"S\u00e4kra Videom\u00f6ten - SEFOS","isPartOf":{"@id":"https:\/\/sefos.se\/#website"},"primaryImageOfPage":{"@id":"https:\/\/sefos.se\/sakra-videomoten\/#primaryimage"},"image":{"@id":"https:\/\/sefos.se\/sakra-videomoten\/#primaryimage"},"thumbnailUrl":"https:\/\/sefos.se\/wp-content\/uploads\/dot02.png","datePublished":"2021-06-30T14:58:16+00:00","dateModified":"2025-08-29T13:35:35+00:00","description":"Boka digitala videom\u00f6ten p\u00e5 ett enkelt och s\u00e4kert s\u00e4tt d\u00e4r deltagarna m\u00e5ste verifiera sig med stark autentisering f\u00f6r att kunna ansluta.","breadcrumb":{"@id":"https:\/\/sefos.se\/sakra-videomoten\/#breadcrumb"},"inLanguage":"en-GB","potentialAction":[{"@type":"ReadAction","target":["https:\/\/sefos.se\/sakra-videomoten\/"]}]},{"@type":"ImageObject","inLanguage":"en-GB","@id":"https:\/\/sefos.se\/sakra-videomoten\/#primaryimage","url":"https:\/\/sefos.se\/wp-content\/uploads\/dot02.png","contentUrl":"https:\/\/sefos.se\/wp-content\/uploads\/dot02.png"},{"@type":"BreadcrumbList","@id":"https:\/\/sefos.se\/sakra-videomoten\/#breadcrumb","itemListElement":[{"@type":"ListItem","position":1,"name":"Hem","item":"https:\/\/sefos.se\/"},{"@type":"ListItem","position":2,"name":"S\u00e4kra Videom\u00f6ten"}]},{"@type":"WebSite","@id":"https:\/\/sefos.se\/#website","url":"https:\/\/sefos.se\/","name":"SEFOS","description":"","potentialAction":[{"@type":"SearchAction","target":{"@type":"EntryPoint","urlTemplate":"https:\/\/sefos.se\/?s={search_term_string}"},"query-input":{"@type":"PropertyValueSpecification","valueRequired":true,"valueName":"search_term_string"}}],"inLanguage":"en-GB"}]}},"_links":{"self":[{"href":"https:\/\/sefos.se\/en\/wp-json\/wp\/v2\/pages\/2677","targetHints":{"allow":["GET"]}}],"collection":[{"href":"https:\/\/sefos.se\/en\/wp-json\/wp\/v2\/pages"}],"about":[{"href":"https:\/\/sefos.se\/en\/wp-json\/wp\/v2\/types\/page"}],"author":[{"embeddable":true,"href":"https:\/\/sefos.se\/en\/wp-json\/wp\/v2\/users\/5"}],"replies":[{"embeddable":true,"href":"https:\/\/sefos.se\/en\/wp-json\/wp\/v2\/comments?post=2677"}],"version-history":[{"count":52,"href":"https:\/\/sefos.se\/en\/wp-json\/wp\/v2\/pages\/2677\/revisions"}],"predecessor-version":[{"id":4746,"href":"https:\/\/sefos.se\/en\/wp-json\/wp\/v2\/pages\/2677\/revisions\/4746"}],"wp:attachment":[{"href":"https:\/\/sefos.se\/en\/wp-json\/wp\/v2\/media?parent=2677"}],"curies":[{"name":"wp","href":"https:\/\/api.w.org\/{rel}","templated":true}]}}